{"id":361,"date":"2019-05-29T11:03:30","date_gmt":"2019-05-29T09:03:30","guid":{"rendered":"http:\/\/www.aupetitsacacomie.com\/?page_id=361"},"modified":"2026-02-16T08:15:43","modified_gmt":"2026-02-16T07:15:43","slug":"disponibilites","status":"publish","type":"page","link":"https:\/\/www.aupetitsacacomie.com\/index.php\/disponibilites\/","title":{"rendered":"Disponibilit\u00e9s"},"content":{"rendered":"<!-- wp:heading -->\n<h2>R\u00e9servations<\/h2>\n<!-- \/wp:heading -->\n\n<!-- wp:paragraph -->\n<p>Vous trouverez ci-dessous un calendrier avec les r\u00e9servations (cases color\u00e9es) \/ disponibilit\u00e9s (cases blanches) \u00e0 venir. Merci de nous contacter pour toute demande de r\u00e9servation.<\/p>\n<!-- \/wp:paragraph -->\n\n<!-- wp:paragraph -->\n<p><div><div class=sacaCal><h3>Mai 2026<\/h3>\n<table><tr><th>Di<\/th><th>Lu<\/th><th>Ma<\/th><th>Me<\/th><th>Je<\/th><th>Ve<\/th><th>Sa<\/th><\/tr>\n<tr><td><\/td><td><\/td><td><\/td><td><\/td><td><\/td><td class=red>1<\/td><td class=red>2<\/td><\/tr>\n<tr><td class=red>3<\/td><td class=red>4<\/td><td class=red>5<\/td><td class=red>6<\/td><td class=red>7<\/td><td class=red>8<\/td><td class=red>9<\/td><\/tr>\n<tr><td class=red>10<\/td><td class=red>11<\/td><td class=red>12<\/td><td class=red>13<\/td><td class=red>14<\/td><td class=red>15<\/td><td class=red>16<\/td><\/tr>\n<tr><td class=red>17<\/td><td>18<\/td><td>19<\/td><td>20<\/td><td>21<\/td><td>22<\/td><td>23<\/td><\/tr>\n<tr><td>24<\/td><td>25<\/td><td>26<\/td><td>27<\/td><td>28<\/td><td>29<\/td><td>30<\/td><\/tr>\n<tr><td>31<\/td><\/tr><\/table><\/div>\n<div class=sacaCal><h3>Juin 2026<\/h3>\n<table><tr><th>Di<\/th><th>Lu<\/th><th>Ma<\/th><th>Me<\/th><th>Je<\/th><th>Ve<\/th><th>Sa<\/th><\/tr>\n<tr><td><\/td><td>1<\/td><td>2<\/td><td>3<\/td><td>4<\/td><td>5<\/td><td>6<\/td><\/tr>\n<tr><td>7<\/td><td>8<\/td><td>9<\/td><td>10<\/td><td>11<\/td><td>12<\/td><td>13<\/td><\/tr>\n<tr><td>14<\/td><td>15<\/td><td>16<\/td><td>17<\/td><td>18<\/td><td>19<\/td><td>20<\/td><\/tr>\n<tr><td>21<\/td><td>22<\/td><td>23<\/td><td>24<\/td><td>25<\/td><td>26<\/td><td>27<\/td><\/tr>\n<tr><td>28<\/td><td>29<\/td><td>30<\/td><\/tr><\/table><\/div>\n<div class=sacaCal><h3>Juillet 2026<\/h3>\n<table><tr><th>Di<\/th><th>Lu<\/th><th>Ma<\/th><th>Me<\/th><th>Je<\/th><th>Ve<\/th><th>Sa<\/th><\/tr>\n<tr><td><\/td><td><\/td><td><\/td><td>1<\/td><td>2<\/td><td class=red>3<\/td><td class=red>4<\/td><\/tr>\n<tr><td class=red>5<\/td><td>6<\/td><td>7<\/td><td>8<\/td><td>9<\/td><td class=red>10<\/td><td class=red>11<\/td><\/tr>\n<tr><td>12<\/td><td>13<\/td><td>14<\/td><td>15<\/td><td>16<\/td><td>17<\/td><td>18<\/td><\/tr>\n<tr><td>19<\/td><td>20<\/td><td>21<\/td><td>22<\/td><td>23<\/td><td>24<\/td><td>25<\/td><\/tr>\n<tr><td class=red>26<\/td><td class=red>27<\/td><td class=red>28<\/td><td class=red>29<\/td><td class=red>30<\/td><td class=red>31<\/td><\/tr><\/table><\/div>\n<div class=sacaCal><h3>Ao\u00fbt 2026<\/h3>\n<table><tr><th>Di<\/th><th>Lu<\/th><th>Ma<\/th><th>Me<\/th><th>Je<\/th><th>Ve<\/th><th>Sa<\/th><\/tr>\n<tr><td><\/td><td><\/td><td><\/td><td><\/td><td><\/td><td><\/td><td class=red>1<\/td><\/tr>\n<tr><td class=red>2<\/td><td class=red>3<\/td><td class=red>4<\/td><td class=red>5<\/td><td class=red>6<\/td><td class=red>7<\/td><td class=red>8<\/td><\/tr>\n<tr><td class=red>9<\/td><td class=red>10<\/td><td class=red>11<\/td><td class=red>12<\/td><td class=red>13<\/td><td class=red>14<\/td><td class=red>15<\/td><\/tr>\n<tr><td class=red>16<\/td><td class=red>17<\/td><td class=red>18<\/td><td class=red>19<\/td><td class=red>20<\/td><td class=red>21<\/td><td class=red>22<\/td><\/tr>\n<tr><td class=red>23<\/td><td class=red>24<\/td><td>25<\/td><td>26<\/td><td>27<\/td><td>28<\/td><td>29<\/td><\/tr>\n<tr><td>30<\/td><td>31<\/td><\/tr><\/table><\/div>\n<div class=sacaCal><h3>Septembre 2026<\/h3>\n<table><tr><th>Di<\/th><th>Lu<\/th><th>Ma<\/th><th>Me<\/th><th>Je<\/th><th>Ve<\/th><th>Sa<\/th><\/tr>\n<tr><td><\/td><td><\/td><td>1<\/td><td>2<\/td><td>3<\/td><td class=red>4<\/td><td class=red>5<\/td><\/tr>\n<tr><td class=red>6<\/td><td class=red>7<\/td><td>8<\/td><td>9<\/td><td>10<\/td><td>11<\/td><td>12<\/td><\/tr>\n<tr><td>13<\/td><td>14<\/td><td>15<\/td><td>16<\/td><td>17<\/td><td>18<\/td><td>19<\/td><\/tr>\n<tr><td>20<\/td><td>21<\/td><td>22<\/td><td>23<\/td><td>24<\/td><td>25<\/td><td>26<\/td><\/tr>\n<tr><td>27<\/td><td>28<\/td><td>29<\/td><td>30<\/td><\/tr><\/table><\/div>\n<div class=sacaCal><h3>Octobre 2026<\/h3>\n<table><tr><th>Di<\/th><th>Lu<\/th><th>Ma<\/th><th>Me<\/th><th>Je<\/th><th>Ve<\/th><th>Sa<\/th><\/tr>\n<tr><td><\/td><td><\/td><td><\/td><td><\/td><td>1<\/td><td>2<\/td><td>3<\/td><\/tr>\n<tr><td>4<\/td><td>5<\/td><td>6<\/td><td>7<\/td><td class=red>8<\/td><td class=red>9<\/td><td class=red>10<\/td><\/tr>\n<tr><td class=red>11<\/td><td>12<\/td><td>13<\/td><td>14<\/td><td>15<\/td><td>16<\/td><td>17<\/td><\/tr>\n<tr><td>18<\/td><td>19<\/td><td>20<\/td><td>21<\/td><td>22<\/td><td>23<\/td><td>24<\/td><\/tr>\n<tr><td>25<\/td><td>26<\/td><td>27<\/td><td>28<\/td><td>29<\/td><td>30<\/td><td>31<\/td><\/tr><\/table><\/div>\n<div class=sacaCal><h3>Novembre 2026<\/h3>\n<table><tr><th>Di<\/th><th>Lu<\/th><th>Ma<\/th><th>Me<\/th><th>Je<\/th><th>Ve<\/th><th>Sa<\/th><\/tr>\n<tr><\/tr>\n<tr><td>1<\/td><td>2<\/td><td>3<\/td><td>4<\/td><td>5<\/td><td>6<\/td><td>7<\/td><\/tr>\n<tr><td>8<\/td><td>9<\/td><td>10<\/td><td>11<\/td><td>12<\/td><td>13<\/td><td>14<\/td><\/tr>\n<tr><td>15<\/td><td>16<\/td><td>17<\/td><td>18<\/td><td>19<\/td><td>20<\/td><td>21<\/td><\/tr>\n<tr><td>22<\/td><td>23<\/td><td>24<\/td><td>25<\/td><td>26<\/td><td>27<\/td><td>28<\/td><\/tr>\n<tr><td>29<\/td><td>30<\/td><\/tr><\/table><\/div>\n<div class=sacaCal><h3>D\u00e9cembre 2026<\/h3>\n<table><tr><th>Di<\/th><th>Lu<\/th><th>Ma<\/th><th>Me<\/th><th>Je<\/th><th>Ve<\/th><th>Sa<\/th><\/tr>\n<tr><td><\/td><td><\/td><td>1<\/td><td>2<\/td><td>3<\/td><td>4<\/td><td>5<\/td><\/tr>\n<tr><td>6<\/td><td>7<\/td><td>8<\/td><td>9<\/td><td>10<\/td><td>11<\/td><td>12<\/td><\/tr>\n<tr><td>13<\/td><td>14<\/td><td>15<\/td><td>16<\/td><td>17<\/td><td>18<\/td><td>19<\/td><\/tr>\n<tr><td>20<\/td><td>21<\/td><td>22<\/td><td>23<\/td><td>24<\/td><td>25<\/td><td>26<\/td><\/tr>\n<tr><td>27<\/td><td>28<\/td><td>29<\/td><td>30<\/td><td>31<\/td><\/tr><\/table><\/div>\n<div class=sacaCal><h3>Janvier 2027<\/h3>\n<table><tr><th>Di<\/th><th>Lu<\/th><th>Ma<\/th><th>Me<\/th><th>Je<\/th><th>Ve<\/th><th>Sa<\/th><\/tr>\n<tr><td><\/td><td><\/td><td><\/td><td><\/td><td><\/td><td>1<\/td><td>2<\/td><\/tr>\n<tr><td>3<\/td><td>4<\/td><td>5<\/td><td>6<\/td><td>7<\/td><td>8<\/td><td>9<\/td><\/tr>\n<tr><td>10<\/td><td>11<\/td><td>12<\/td><td>13<\/td><td>14<\/td><td>15<\/td><td>16<\/td><\/tr>\n<tr><td>17<\/td><td>18<\/td><td>19<\/td><td>20<\/td><td>21<\/td><td>22<\/td><td>23<\/td><\/tr>\n<tr><td>24<\/td><td>25<\/td><td>26<\/td><td>27<\/td><td>28<\/td><td>29<\/td><td>30<\/td><\/tr>\n<tr><td>31<\/td><\/tr><\/table><\/div>\n<div class=sacaCal><h3>F\u00e9vrier 2027<\/h3>\n<table><tr><th>Di<\/th><th>Lu<\/th><th>Ma<\/th><th>Me<\/th><th>Je<\/th><th>Ve<\/th><th>Sa<\/th><\/tr>\n<tr><td><\/td><td>1<\/td><td>2<\/td><td>3<\/td><td>4<\/td><td>5<\/td><td>6<\/td><\/tr>\n<tr><td>7<\/td><td>8<\/td><td>9<\/td><td>10<\/td><td>11<\/td><td>12<\/td><td>13<\/td><\/tr>\n<tr><td>14<\/td><td>15<\/td><td>16<\/td><td>17<\/td><td>18<\/td><td>19<\/td><td>20<\/td><\/tr>\n<tr><td>21<\/td><td>22<\/td><td>23<\/td><td>24<\/td><td>25<\/td><td>26<\/td><td>27<\/td><\/tr>\n<tr><td>28<\/td><\/tr><\/table><\/div>\n<div class=sacaCal><h3>Mars 2027<\/h3>\n<table><tr><th>Di<\/th><th>Lu<\/th><th>Ma<\/th><th>Me<\/th><th>Je<\/th><th>Ve<\/th><th>Sa<\/th><\/tr>\n<tr><td><\/td><td>1<\/td><td>2<\/td><td>3<\/td><td>4<\/td><td>5<\/td><td>6<\/td><\/tr>\n<tr><td>7<\/td><td>8<\/td><td>9<\/td><td>10<\/td><td>11<\/td><td>12<\/td><td>13<\/td><\/tr>\n<tr><td>14<\/td><td>15<\/td><td>16<\/td><td>17<\/td><td>18<\/td><td>19<\/td><td>20<\/td><\/tr>\n<tr><td>21<\/td><td>22<\/td><td>23<\/td><td>24<\/td><td>25<\/td><td>26<\/td><td>27<\/td><\/tr>\n<tr><td>28<\/td><td>29<\/td><td>30<\/td><td>31<\/td><\/tr><\/table><\/div>\n<div class=sacaCal><h3>Avril 2027<\/h3>\n<table><tr><th>Di<\/th><th>Lu<\/th><th>Ma<\/th><th>Me<\/th><th>Je<\/th><th>Ve<\/th><th>Sa<\/th><\/tr>\n<tr><td><\/td><td><\/td><td><\/td><td><\/td><td>1<\/td><td>2<\/td><td>3<\/td><\/tr>\n<tr><td>4<\/td><td>5<\/td><td>6<\/td><td>7<\/td><td>8<\/td><td>9<\/td><td>10<\/td><\/tr>\n<tr><td>11<\/td><td>12<\/td><td>13<\/td><td>14<\/td><td>15<\/td><td>16<\/td><td>17<\/td><\/tr>\n<tr><td>18<\/td><td>19<\/td><td>20<\/td><td>21<\/td><td>22<\/td><td>23<\/td><td>24<\/td><\/tr>\n<tr><td>25<\/td><td>26<\/td><td>27<\/td><td>28<\/td><td>29<\/td><td>30<\/td><\/tr><\/table><\/div>\n<div class=sacaCal><h3>Mai 2027<\/h3>\n<table><tr><th>Di<\/th><th>Lu<\/th><th>Ma<\/th><th>Me<\/th><th>Je<\/th><th>Ve<\/th><th>Sa<\/th><\/tr>\n<tr><td><\/td><td><\/td><td><\/td><td><\/td><td><\/td><td><\/td><td>1<\/td><\/tr>\n<tr><td>2<\/td><td>3<\/td><td>4<\/td><td>5<\/td><td>6<\/td><td>7<\/td><td>8<\/td><\/tr>\n<tr><td>9<\/td><td>10<\/td><td>11<\/td><td>12<\/td><td>13<\/td><td>14<\/td><td>15<\/td><\/tr>\n<tr><td>16<\/td><td>17<\/td><td>18<\/td><td>19<\/td><td>20<\/td><td>21<\/td><td>22<\/td><\/tr>\n<tr><td>23<\/td><td>24<\/td><td>25<\/td><td>26<\/td><td>27<\/td><td>28<\/td><td>29<\/td><\/tr>\n<tr><td>30<\/td><td>31<\/td><\/tr><\/table><\/div>\n<div class=sacaCal><h3>Juin 2027<\/h3>\n<table><tr><th>Di<\/th><th>Lu<\/th><th>Ma<\/th><th>Me<\/th><th>Je<\/th><th>Ve<\/th><th>Sa<\/th><\/tr>\n<tr><td><\/td><td><\/td><td>1<\/td><td>2<\/td><td>3<\/td><td>4<\/td><td>5<\/td><\/tr>\n<tr><td>6<\/td><td>7<\/td><td>8<\/td><td>9<\/td><td>10<\/td><td>11<\/td><td>12<\/td><\/tr>\n<tr><td>13<\/td><td>14<\/td><td>15<\/td><td>16<\/td><td>17<\/td><td>18<\/td><td>19<\/td><\/tr>\n<tr><td>20<\/td><td>21<\/td><td>22<\/td><td>23<\/td><td>24<\/td><td>25<\/td><td>26<\/td><\/tr>\n<tr><td>27<\/td><td>28<\/td><td>29<\/td><td>30<\/td><\/tr><\/table><\/div>\n<div class=sacaCal><h3>Juillet 2027<\/h3>\n<table><tr><th>Di<\/th><th>Lu<\/th><th>Ma<\/th><th>Me<\/th><th>Je<\/th><th>Ve<\/th><th>Sa<\/th><\/tr>\n<tr><td><\/td><td><\/td><td><\/td><td><\/td><td>1<\/td><td>2<\/td><td>3<\/td><\/tr>\n<tr><td>4<\/td><td>5<\/td><td>6<\/td><td>7<\/td><td>8<\/td><td>9<\/td><td>10<\/td><\/tr>\n<tr><td>11<\/td><td>12<\/td><td>13<\/td><td>14<\/td><td>15<\/td><td>16<\/td><td>17<\/td><\/tr>\n<tr><td>18<\/td><td>19<\/td><td>20<\/td><td>21<\/td><td>22<\/td><td>23<\/td><td>24<\/td><\/tr>\n<tr><td>25<\/td><td>26<\/td><td>27<\/td><td>28<\/td><td>29<\/td><td>30<\/td><td>31<\/td><\/tr><\/table><\/div>\n<div class=sacaCal><h3>Ao\u00fbt 2027<\/h3>\n<table><tr><th>Di<\/th><th>Lu<\/th><th>Ma<\/th><th>Me<\/th><th>Je<\/th><th>Ve<\/th><th>Sa<\/th><\/tr>\n<tr><\/tr>\n<tr><td>1<\/td><td>2<\/td><td>3<\/td><td>4<\/td><td>5<\/td><td>6<\/td><td>7<\/td><\/tr>\n<tr><td>8<\/td><td>9<\/td><td>10<\/td><td>11<\/td><td>12<\/td><td>13<\/td><td>14<\/td><\/tr>\n<tr><td>15<\/td><td>16<\/td><td>17<\/td><td>18<\/td><td>19<\/td><td>20<\/td><td>21<\/td><\/tr>\n<tr><td>22<\/td><td>23<\/td><td>24<\/td><td>25<\/td><td>26<\/td><td>27<\/td><td>28<\/td><\/tr>\n<tr><td>29<\/td><td>30<\/td><td>31<\/td><\/tr><\/table><\/div>\n<div class=sacaCal><h3>Septembre 2027<\/h3>\n<table><tr><th>Di<\/th><th>Lu<\/th><th>Ma<\/th><th>Me<\/th><th>Je<\/th><th>Ve<\/th><th>Sa<\/th><\/tr>\n<tr><td><\/td><td><\/td><td><\/td><td>1<\/td><td>2<\/td><td>3<\/td><td>4<\/td><\/tr>\n<tr><td>5<\/td><td>6<\/td><td>7<\/td><td>8<\/td><td>9<\/td><td>10<\/td><td>11<\/td><\/tr>\n<tr><td>12<\/td><td>13<\/td><td>14<\/td><td>15<\/td><td>16<\/td><td>17<\/td><td>18<\/td><\/tr>\n<tr><td>19<\/td><td>20<\/td><td>21<\/td><td>22<\/td><td>23<\/td><td>24<\/td><td>25<\/td><\/tr>\n<tr><td>26<\/td><td>27<\/td><td>28<\/td><td>29<\/td><td>30<\/td><\/tr><\/table><\/div>\n<div class=sacaCal><h3>Octobre 2027<\/h3>\n<table><tr><th>Di<\/th><th>Lu<\/th><th>Ma<\/th><th>Me<\/th><th>Je<\/th><th>Ve<\/th><th>Sa<\/th><\/tr>\n<tr><td><\/td><td><\/td><td><\/td><td><\/td><td><\/td><td>1<\/td><td>2<\/td><\/tr>\n<tr><td>3<\/td><td>4<\/td><td>5<\/td><td>6<\/td><td>7<\/td><td>8<\/td><td>9<\/td><\/tr>\n<tr><td>10<\/td><td>11<\/td><td>12<\/td><td>13<\/td><td>14<\/td><td>15<\/td><td>16<\/td><\/tr>\n<tr><td>17<\/td><td>18<\/td><td>19<\/td><td>20<\/td><td>21<\/td><td>22<\/td><td>23<\/td><\/tr>\n<tr><td>24<\/td><td>25<\/td><td>26<\/td><td>27<\/td><td>28<\/td><td>29<\/td><td>30<\/td><\/tr>\n<tr><td>31<\/td><\/tr><\/table><\/div>\n<div class=sacaCal><h3>Novembre 2027<\/h3>\n<table><tr><th>Di<\/th><th>Lu<\/th><th>Ma<\/th><th>Me<\/th><th>Je<\/th><th>Ve<\/th><th>Sa<\/th><\/tr>\n<tr><td><\/td><td>1<\/td><td>2<\/td><td>3<\/td><td>4<\/td><td>5<\/td><td>6<\/td><\/tr>\n<tr><td>7<\/td><td>8<\/td><td>9<\/td><td>10<\/td><td>11<\/td><td>12<\/td><td>13<\/td><\/tr>\n<tr><td>14<\/td><td>15<\/td><td>16<\/td><td>17<\/td><td>18<\/td><td>19<\/td><td>20<\/td><\/tr>\n<tr><td>21<\/td><td>22<\/td><td>23<\/td><td>24<\/td><td>25<\/td><td>26<\/td><td>27<\/td><\/tr>\n<tr><td>28<\/td><td>29<\/td><td>30<\/td><\/tr><\/table><\/div>\n<div class=sacaCal><h3>D\u00e9cembre 2027<\/h3>\n<table><tr><th>Di<\/th><th>Lu<\/th><th>Ma<\/th><th>Me<\/th><th>Je<\/th><th>Ve<\/th><th>Sa<\/th><\/tr>\n<tr><td><\/td><td><\/td><td><\/td><td>1<\/td><td>2<\/td><td>3<\/td><td>4<\/td><\/tr>\n<tr><td>5<\/td><td>6<\/td><td>7<\/td><td>8<\/td><td>9<\/td><td>10<\/td><td>11<\/td><\/tr>\n<tr><td>12<\/td><td>13<\/td><td>14<\/td><td>15<\/td><td>16<\/td><td>17<\/td><td>18<\/td><\/tr>\n<tr><td>19<\/td><td>20<\/td><td>21<\/td><td>22<\/td><td>23<\/td><td>24<\/td><td>25<\/td><\/tr>\n<tr><td>26<\/td><td>27<\/td><td>28<\/td><td>29<\/td><td>30<\/td><td>31<\/td><\/tr><\/table><\/div>\n<div class=sacaCal><h3>Janvier 2028<\/h3>\n<table><tr><th>Di<\/th><th>Lu<\/th><th>Ma<\/th><th>Me<\/th><th>Je<\/th><th>Ve<\/th><th>Sa<\/th><\/tr>\n<tr><td><\/td><td><\/td><td><\/td><td><\/td><td><\/td><td><\/td><td>1<\/td><\/tr>\n<tr><td>2<\/td><td>3<\/td><td>4<\/td><td>5<\/td><td>6<\/td><td>7<\/td><td>8<\/td><\/tr>\n<tr><td>9<\/td><td>10<\/td><td>11<\/td><td>12<\/td><td>13<\/td><td>14<\/td><td>15<\/td><\/tr>\n<tr><td>16<\/td><td>17<\/td><td>18<\/td><td>19<\/td><td>20<\/td><td>21<\/td><td>22<\/td><\/tr>\n<tr><td>23<\/td><td>24<\/td><td>25<\/td><td>26<\/td><td>27<\/td><td>28<\/td><td>29<\/td><\/tr>\n<tr><td>30<\/td><td>31<\/td><\/tr><\/table><\/div>\n<div class=sacaCal><h3>F\u00e9vrier 2028<\/h3>\n<table><tr><th>Di<\/th><th>Lu<\/th><th>Ma<\/th><th>Me<\/th><th>Je<\/th><th>Ve<\/th><th>Sa<\/th><\/tr>\n<tr><td><\/td><td><\/td><td>1<\/td><td>2<\/td><td>3<\/td><td>4<\/td><td>5<\/td><\/tr>\n<tr><td>6<\/td><td>7<\/td><td>8<\/td><td>9<\/td><td>10<\/td><td>11<\/td><td>12<\/td><\/tr>\n<tr><td>13<\/td><td>14<\/td><td>15<\/td><td>16<\/td><td>17<\/td><td>18<\/td><td>19<\/td><\/tr>\n<tr><td>20<\/td><td>21<\/td><td>22<\/td><td>23<\/td><td>24<\/td><td>25<\/td><td>26<\/td><\/tr>\n<tr><td>27<\/td><td>28<\/td><td>29<\/td><\/tr><\/table><\/div>\n<div class=sacaCal><h3>Mars 2028<\/h3>\n<table><tr><th>Di<\/th><th>Lu<\/th><th>Ma<\/th><th>Me<\/th><th>Je<\/th><th>Ve<\/th><th>Sa<\/th><\/tr>\n<tr><td><\/td><td><\/td><td><\/td><td>1<\/td><td>2<\/td><td>3<\/td><td>4<\/td><\/tr>\n<tr><td>5<\/td><td>6<\/td><td>7<\/td><td>8<\/td><td>9<\/td><td>10<\/td><td>11<\/td><\/tr>\n<tr><td>12<\/td><td>13<\/td><td>14<\/td><td>15<\/td><td>16<\/td><td>17<\/td><td>18<\/td><\/tr>\n<tr><td>19<\/td><td>20<\/td><td>21<\/td><td>22<\/td><td>23<\/td><td>24<\/td><td>25<\/td><\/tr>\n<tr><td>26<\/td><td>27<\/td><td>28<\/td><td>29<\/td><td>30<\/td><td>31<\/td><\/tr><\/table><\/div>\n<div class=sacaCal><h3>Avril 2028<\/h3>\n<table><tr><th>Di<\/th><th>Lu<\/th><th>Ma<\/th><th>Me<\/th><th>Je<\/th><th>Ve<\/th><th>Sa<\/th><\/tr>\n<tr><td><\/td><td><\/td><td><\/td><td><\/td><td><\/td><td><\/td><td>1<\/td><\/tr>\n<tr><td>2<\/td><td>3<\/td><td>4<\/td><td>5<\/td><td>6<\/td><td>7<\/td><td>8<\/td><\/tr>\n<tr><td>9<\/td><td>10<\/td><td>11<\/td><td>12<\/td><td>13<\/td><td>14<\/td><td>15<\/td><\/tr>\n<tr><td>16<\/td><td>17<\/td><td>18<\/td><td>19<\/td><td>20<\/td><td>21<\/td><td>22<\/td><\/tr>\n<tr><td>23<\/td><td>24<\/td><td>25<\/td><td>26<\/td><td>27<\/td><td>28<\/td><td>29<\/td><\/tr>\n<tr><td>30<\/td><\/tr><\/table><\/div>\n<\/div><\/p>\n<!-- \/wp:paragraph -->","protected":false},"excerpt":{"rendered":"<p>R\u00e9servations Vous trouverez ci-dessous un calendrier avec les r\u00e9servations (cases color\u00e9es) \/ disponibilit\u00e9s (cases blanches) \u00e0 venir. Merci de nous contacter pour toute demande de r\u00e9servation. Mai 2026 DiLuMaMeJeVeSa 12 3456789 10111213141516 17181920212223 24252627282930 31 Juin 2026 DiLuMaMeJeVeSa 123456 78910111213 14151617181920 21222324252627 282930 Juillet 2026 DiLuMaMeJeVeSa 1234 567891011 12131415161718 19202122232425 262728293031 Ao\u00fbt 2026 DiLuMaMeJeVeSa 1 [&hellip;]<\/p>\n","protected":false},"author":1,"featured_media":0,"parent":0,"menu_order":0,"comment_status":"closed","ping_status":"closed","template":"","meta":[],"_links":{"self":[{"href":"https:\/\/www.aupetitsacacomie.com\/index.php\/wp-json\/wp\/v2\/pages\/361"}],"collection":[{"href":"https:\/\/www.aupetitsacacomie.com\/index.php\/wp-json\/wp\/v2\/pages"}],"about":[{"href":"https:\/\/www.aupetitsacacomie.com\/index.php\/wp-json\/wp\/v2\/types\/page"}],"author":[{"embeddable":true,"href":"https:\/\/www.aupetitsacacomie.com\/index.php\/wp-json\/wp\/v2\/users\/1"}],"replies":[{"embeddable":true,"href":"https:\/\/www.aupetitsacacomie.com\/index.php\/wp-json\/wp\/v2\/comments?post=361"}],"version-history":[{"count":2,"href":"https:\/\/www.aupetitsacacomie.com\/index.php\/wp-json\/wp\/v2\/pages\/361\/revisions"}],"predecessor-version":[{"id":553,"href":"https:\/\/www.aupetitsacacomie.com\/index.php\/wp-json\/wp\/v2\/pages\/361\/revisions\/553"}],"wp:attachment":[{"href":"https:\/\/www.aupetitsacacomie.com\/index.php\/wp-json\/wp\/v2\/media?parent=361"}],"curies":[{"name":"wp","href":"https:\/\/api.w.org\/{rel}","templated":true}]}}