{"id":316,"date":"2019-05-29T09:09:37","date_gmt":"2019-05-29T07:09:37","guid":{"rendered":"http:\/\/new.aupetitsacacomie.com\/?page_id=316"},"modified":"2022-04-27T15:01:57","modified_gmt":"2022-04-27T13:01:57","slug":"tourism","status":"publish","type":"page","link":"https:\/\/www.aupetitsacacomie.com\/index.php\/en\/tourism\/","title":{"rendered":"Tourism"},"content":{"rendered":"<!-- wp:heading {\"level\":3} -->\n<h3>Les Bi\u00e8res de la Nouvelle-France<\/h3>\n<!-- \/wp:heading -->\n\n<!-- wp:paragraph -->\n<p>Besoin d\u2019une halte rafraichissante ? La Microbrasserie des bi\u00e8res de \nla Nouvelle-France est l\u00e0 pour \u00e7a\u2026 Rendez-vous au c\u0153ur de \nSaint-Alexis-des-Monts pour une d\u00e9gustation hors du commun ! Profitez-en\n pour accompagnez votre bi\u00e8re fra\u00eeche de plats traditionnels mettant en \nvedette les produits du terroir. Plongez-vous dans l\u2019ambiance \nNouvelle-France et profitez\u2026<\/p>\n<!-- \/wp:paragraph -->\n\n<!-- wp:paragraph -->\n<p>La Micro brasserie est bien plus qu\u2019un simple bistrot. Ce sera aussi \nun d\u00e9tour enrichissant gr\u00e2ce \u00e0 son Economus\u00e9e. D\u00e9couvrez la bi\u00e8re au \nCanada, son processus de brassage en vid\u00e9o, ses origines et de nombreux \nobjets anciens ou belges li\u00e9s \u00e0 la bi\u00e8re. Sur demande, vous pourrez \naussi voir les brasseurs \u00e0 l\u2019\u0153uvre et profiter de la visite\u2026<\/p>\n<!-- \/wp:paragraph -->\n\n<!-- wp:paragraph -->\n<p>Pour plus d\u2019informations, visitez sans tarder : <a href=\"http:\/\/lesbieresnouvellefrance.com\/\">http:\/\/lesbieresnouvellefrance.com\/<\/a><\/p>\n<!-- \/wp:paragraph -->\n\n<!-- wp:image -->\n<figure class=\"wp-block-image\"><img src=\"http:\/\/www.aupetitsacacomie.com\/themes\/sacacomie\/img\/pixtr.gif\" alt=\"\"\/><\/figure>\n<!-- \/wp:image -->\n\n<!-- wp:heading {\"level\":3} -->\n<h3>Ferme Nouvelle-France<br><\/h3>\n<!-- \/wp:heading -->\n\n<!-- wp:paragraph -->\n<p>La Ferme Nouvelle-France, situ\u00e9e \u00e0 Sainte-Ang\u00e8le-de-Pr\u00e9mont vous \nplonge au coeur du patrimoine rural et agricole. Une balade au go\u00fbt de \nterroir qui vous permettra de retracer \u00e0 travers un d\u00e9cor l'\u00e2me du \ntemps...<\/p>\n<!-- \/wp:paragraph -->\n\n<!-- wp:embed {\"url\":\"http:\/\/www.fermenouvellefrance.com\/\",\"type\":\"wp-embed\",\"providerNameSlug\":\"wordpress\",\"className\":\"is-provider-ferme-nouvelle-france\"} -->\n<figure class=\"wp-block-embed-wordpress wp-block-embed is-type-wp-embed is-provider-ferme-nouvelle-france\"><div class=\"wp-block-embed__wrapper\">\nhttp:\/\/www.fermenouvellefrance.com\/\n<\/div><\/figure>\n<!-- \/wp:embed -->\n\n<!-- wp:image -->\n<figure class=\"wp-block-image\"><img src=\"http:\/\/www.aupetitsacacomie.com\/themes\/sacacomie\/img\/pixtr.gif\" alt=\"\"\/><\/figure>\n<!-- \/wp:image -->\n\n<!-- wp:heading {\"level\":3} -->\n<h3>Saint-Alexis-des-Monts<\/h3>\n<!-- \/wp:heading -->\n\n<!-- wp:paragraph -->\n<p>Bienvenue \u00e0 Saint-Alexis-des-Monts, une multitude de renseignements sur cette r\u00e9gion des lacs (m\u00e9t\u00e9o, histoire, g\u00e9ographie,\u2026)<\/p>\n<!-- \/wp:paragraph -->\n\n<!-- wp:paragraph -->\n<p><a href=\"http:\/\/www.saint-alexis-des-monts.ca\">http:\/\/www.saint-alexis-des-monts.ca<\/a> <a href=\"http:\/\/www.public.sogetel.net\/guisdupu\/\">http:\/\/www.public.sogetel.net\/guisdupu\/ <\/a><\/p>\n<!-- \/wp:paragraph -->\n\n<!-- wp:image -->\n<figure class=\"wp-block-image\"><img src=\"http:\/\/www.aupetitsacacomie.com\/themes\/sacacomie\/img\/pixtr.gif\" alt=\"\"\/><\/figure>\n<!-- \/wp:image -->\n\n<!-- wp:heading {\"level\":3} -->\n<h3>Les Forges-du-Saint-Maurice<\/h3>\n<!-- \/wp:heading -->\n\n<!-- wp:paragraph -->\n<p>Les Forges Saint-Maurice, \u00e0 Trois-Rivi\u00e8res comm\u00e9morent la premi\u00e8re \nindustrie sid\u00e9rurgique en sol canadien. Venez revivre l\u2019histoire de la \npremi\u00e8re communaut\u00e9 industrielle dans ce lieu historique national.<\/p>\n<!-- \/wp:paragraph -->\n\n<!-- wp:paragraph -->\n<p><a href=\"http:\/\/www.pc.gc.ca\/lhn-nhs\/qc\/saintmaurice\/index_e.asp\">http:\/\/www.pc.gc.ca\/lhn-nhs\/qc\/saintmaurice\/index_e.asp<\/a><\/p>\n<!-- \/wp:paragraph -->\n\n<!-- wp:image -->\n<figure class=\"wp-block-image\"><img src=\"http:\/\/www.aupetitsacacomie.com\/themes\/sacacomie\/img\/pixtr.gif\" alt=\"\"\/><\/figure>\n<!-- \/wp:image -->\n\n<!-- wp:heading {\"level\":3} -->\n<h3>Traiteur M\u00e9choui Xpert<\/h3>\n<!-- \/wp:heading -->\n\n<!-- wp:paragraph -->\n<p>R\u00e9ception et repas en tous genres<\/p>\n<!-- \/wp:paragraph -->\n\n<!-- wp:paragraph -->\n<p><a href=\"http:\/\/mechouitraiteurxpert.com\">http:\/\/mechouitraiteurxpert.com<\/a><\/p>\n<!-- \/wp:paragraph -->\n\n<!-- wp:image -->\n<figure class=\"wp-block-image\"><img src=\"http:\/\/www.aupetitsacacomie.com\/themes\/sacacomie\/img\/pixtr.gif\" alt=\"\"\/><\/figure>\n<!-- \/wp:image -->\n\n<!-- wp:heading {\"level\":3} -->\n<h3>Festival de la truite mouchet\u00e9e<\/h3>\n<!-- \/wp:heading -->\n\n<!-- wp:paragraph -->\n<p>Au c\u0153ur du village de Saint-Alexis-des-Monts, venez f\u00eater la truite \navec nous ! Des activit\u00e9s amusantes pour toute la famille \u00e0 d\u00e9couvrir \nfin juin\u2026<\/p>\n<!-- \/wp:paragraph -->\n\n<!-- wp:paragraph -->\n<p><a href=\"http:\/\/www.festivaldelatruitemouchetee.com\/\">http:\/\/www.festivaldelatruitemouchetee.com\/<\/a><\/p>\n<!-- \/wp:paragraph -->\n\n<!-- wp:image -->\n<figure class=\"wp-block-image\"><img src=\"http:\/\/www.aupetitsacacomie.com\/themes\/sacacomie\/img\/pixtr.gif\" alt=\"\"\/><\/figure>\n<!-- \/wp:image -->\n\n<!-- wp:heading {\"level\":3} -->\n<h3>Festival western de Saint-Tite<\/h3>\n<!-- \/wp:heading -->\n\n<!-- wp:paragraph -->\n<p>Voil\u00e0 le rendez-vous id\u00e9al pour vivre au rythme des cow-boys et au \nson de la musique country\u2026 A vous le rod\u00e9o \u00e0 Saint-Tite ! Tous les ans \nau mois de septembre\u2026<\/p>\n<!-- \/wp:paragraph -->\n\n<!-- wp:embed {\"url\":\"http:\/\/www.festivalwestern.com\/\",\"type\":\"wp-embed\",\"providerNameSlug\":\"wordpress\",\"className\":\"is-provider-festival-western\"} -->\n<figure class=\"wp-block-embed-wordpress wp-block-embed is-type-wp-embed is-provider-festival-western\"><div class=\"wp-block-embed__wrapper\">\nhttp:\/\/www.festivalwestern.com\/\n<\/div><\/figure>\n<!-- \/wp:embed -->\n\n<!-- wp:image -->\n<figure class=\"wp-block-image\"><img src=\"http:\/\/www.aupetitsacacomie.com\/themes\/sacacomie\/img\/pixtr.gif\" alt=\"\"\/><\/figure>\n<!-- \/wp:image -->\n\n<!-- wp:heading {\"level\":3} -->\n<h3>Parc national de la Mauricie<\/h3>\n<!-- \/wp:heading -->\n\n<!-- wp:paragraph -->\n<p>Paysage de lacs et de for\u00eats, parsem\u00e9 de collines, de ruisseaux et de\n cascades, le parc national de la Mauricie vous attend. Vous serez \nenchant\u00e9 par la diversit\u00e9 de la faune et de la flore de ce territoire \ntypique des Laurentides. Au gr\u00e9 des saisons, explorez ce lieu privil\u00e9gi\u00e9\n et renouez avec l'histoire des gens qui ont fa\u00e7onn\u00e9 l'identit\u00e9 de la \nMauricie.<\/p>\n<!-- \/wp:paragraph -->\n\n<!-- wp:paragraph -->\n<p><a href=\"http:\/\/www.pc.gc.ca\/pn-np\/qc\/mauricie\/index_f.asp\">http:\/\/www.pc.gc.ca\/pn-np\/qc\/mauricie\/index_f.asp<\/a><\/p>\n<!-- \/wp:paragraph -->\n\n<!-- wp:image -->\n<figure class=\"wp-block-image\"><img src=\"http:\/\/www.aupetitsacacomie.com\/themes\/sacacomie\/img\/pixtr.gif\" alt=\"\"\/><\/figure>\n<!-- \/wp:image -->\n\n<!-- wp:heading {\"level\":3} -->\n<h3>R\u00e9serve faunique Mastigouche<\/h3>\n<!-- \/wp:heading -->\n\n<!-- wp:paragraph -->\n<p>Territoire envo\u00fbtant et dot\u00e9 d'un milieu naturel exceptionnel, la \nr\u00e9serve faunique Mastigouche offre tout ce qu'un amateur de grands \nespaces peut d\u00e9sirer. Avec ses rivi\u00e8res sinueuses et ses centaines de \nlacs ench\u00e2ss\u00e9s dans des montagnes splendides, les adeptes de plein air \nqui fr\u00e9quentent la r\u00e9serve sont toujours s\u00e9duits par le d\u00e9cor grandiose \nqu'on y retrouve.<\/p>\n<!-- \/wp:paragraph -->\n\n<!-- wp:paragraph -->\n<p><a href=\"http:\/\/www.sepaq.com\/rf\/mas\/fr\/\">http:\/\/www.sepaq.com\/rf\/mas\/fr\/<\/a><\/p>\n<!-- \/wp:paragraph -->\n\n<!-- wp:image -->\n<figure class=\"wp-block-image\"><img src=\"http:\/\/www.aupetitsacacomie.com\/themes\/sacacomie\/img\/pixtr.gif\" alt=\"\"\/><\/figure>\n<!-- \/wp:image -->\n\n<!-- wp:heading {\"level\":3} -->\n<h3>R\u00e9serve faunique du Saint-Maurice<\/h3>\n<!-- \/wp:heading -->\n\n<!-- wp:paragraph -->\n<p>La Mauricie! Pays de pionniers, de draveurs et de coureurs de bois \nrenomm\u00e9s, cette r\u00e9gion n'a jamais fait mentir sa r\u00e9putation concernant \nses espaces verts. La r\u00e9serve faunique du Saint-Maurice, camp\u00e9e en plein\n centre du territoire qu\u00e9b\u00e9cois habit\u00e9, n'y \u00e9chappe pas non plus. C'est \nune vaste \u00e9tendue sauvage parsem\u00e9e de nombreux cours d'eau o\u00f9 abonde la \nfaune aquatique et terrestre.<\/p>\n<!-- \/wp:paragraph -->\n\n<!-- wp:paragraph -->\n<p><a href=\"http:\/\/www.sepaq.com\/rf\/stm\/fr\/\">http:\/\/www.sepaq.com\/rf\/stm\/fr\/<\/a><\/p>\n<!-- \/wp:paragraph -->\n\n<!-- wp:image -->\n<figure class=\"wp-block-image\"><img src=\"http:\/\/www.aupetitsacacomie.com\/themes\/sacacomie\/img\/pixtr.gif\" alt=\"\"\/><\/figure>\n<!-- \/wp:image -->\n\n<!-- wp:heading {\"level\":3} -->\n<h3>Tous les \u00e9v\u00e9nements touristiques en Mauricie<\/h3>\n<!-- \/wp:heading -->\n\n<!-- wp:paragraph -->\n<p>Calendriers des \u00e9v\u00e9nements touristiques sont disponibles sur le site de l\u2019Association touristique r\u00e9gionale de la Mauricie.<\/p>\n<!-- \/wp:paragraph -->\n\n<!-- wp:paragraph -->\n<p><a href=\"http:\/\/www.tourismemauricie.com\/portail\/index.aspx?page=1\">http:\/\/www.tourismemauricie.com\/portail\/index.aspx?page=1<\/a><\/p>\n<!-- \/wp:paragraph -->","protected":false},"excerpt":{"rendered":"<p>Les Bi\u00e8res de la Nouvelle-France Besoin d\u2019une halte rafraichissante ? La Microbrasserie des bi\u00e8res de la Nouvelle-France est l\u00e0 pour \u00e7a\u2026 Rendez-vous au c\u0153ur de Saint-Alexis-des-Monts pour une d\u00e9gustation hors du commun ! Profitez-en pour accompagnez votre bi\u00e8re fra\u00eeche de plats traditionnels mettant en vedette les produits du terroir. Plongez-vous dans l\u2019ambiance Nouvelle-France et profitez\u2026 [&hellip;]<\/p>\n","protected":false},"author":1,"featured_media":0,"parent":0,"menu_order":0,"comment_status":"closed","ping_status":"closed","template":"","meta":[],"_links":{"self":[{"href":"https:\/\/www.aupetitsacacomie.com\/index.php\/wp-json\/wp\/v2\/pages\/316"}],"collection":[{"href":"https:\/\/www.aupetitsacacomie.com\/index.php\/wp-json\/wp\/v2\/pages"}],"about":[{"href":"https:\/\/www.aupetitsacacomie.com\/index.php\/wp-json\/wp\/v2\/types\/page"}],"author":[{"embeddable":true,"href":"https:\/\/www.aupetitsacacomie.com\/index.php\/wp-json\/wp\/v2\/users\/1"}],"replies":[{"embeddable":true,"href":"https:\/\/www.aupetitsacacomie.com\/index.php\/wp-json\/wp\/v2\/comments?post=316"}],"version-history":[{"count":2,"href":"https:\/\/www.aupetitsacacomie.com\/index.php\/wp-json\/wp\/v2\/pages\/316\/revisions"}],"predecessor-version":[{"id":404,"href":"https:\/\/www.aupetitsacacomie.com\/index.php\/wp-json\/wp\/v2\/pages\/316\/revisions\/404"}],"wp:attachment":[{"href":"https:\/\/www.aupetitsacacomie.com\/index.php\/wp-json\/wp\/v2\/media?parent=316"}],"curies":[{"name":"wp","href":"https:\/\/api.w.org\/{rel}","templated":true}]}}