{"id":27,"date":"2019-05-27T11:30:25","date_gmt":"2019-05-27T09:30:25","guid":{"rendered":"http:\/\/new.aupetitsacacomie.com\/?page_id=27"},"modified":"2026-02-21T09:43:49","modified_gmt":"2026-02-21T08:43:49","slug":"confort","status":"publish","type":"page","link":"https:\/\/www.aupetitsacacomie.com\/index.php\/confort\/","title":{"rendered":"Confort"},"content":{"rendered":"<!-- wp:paragraph -->\n<p>D\u00e9couvrez \u2018Au petit Sacacomie\u2019, un environnement chaleureux et confortable\u2026 Un petit coin de paradis pouvant accueillir de 12 personnes<strong>.<\/strong><\/p>\n<!-- \/wp:paragraph -->\n\n<!-- wp:paragraph -->\n<p><em>Six chambres<\/em> luxueuses, r\u00e9parties sur trois \u00e9tages, vous \noffrent le confort de la vie moderne dans un cadre in\u00e9dit. De taille et \nde style diff\u00e9rents, chaque chambre poss\u00e8de sa propre salle de bain.<\/p>\n<!-- \/wp:paragraph -->\n\n<!-- wp:paragraph -->\n<p>Profitez sans vous lasser de la <a href=\"http:\/\/www.aupetitsacacomie.com\/gallery\/30\">vue exceptionnelle<\/a> sur le lac Sacacomie depuis deux grandes terrasses, reli\u00e9es par un escalier ext\u00e9rieur.<\/p>\n<!-- \/wp:paragraph -->\n\n<!-- wp:heading -->\n<h2>Sous-sol<\/h2>\n<!-- \/wp:heading -->\n\n<!-- wp:columns {\"className\":\"has-2-columns\"} -->\n<div class=\"wp-block-columns has-2-columns\"><!-- wp:column -->\n<div class=\"wp-block-column\"><!-- wp:heading {\"level\":3} -->\n<h3>Chambre \"Bison\"<\/h3>\n<!-- \/wp:heading -->\n\n<!-- wp:image {\"id\":153} -->\n<figure class=\"wp-block-image\"><img src=\"http:\/\/new.aupetitsacacomie.com\/wp-content\/uploads\/2019\/05\/Bison-1-1-1024x678.jpg\" alt=\"\" class=\"wp-image-153\"\/><\/figure>\n<!-- \/wp:image -->\n\n<!-- wp:list -->\n<ul><li>Grande chambre<\/li><li>terrasse avec vue sur le lac<\/li><li>lit Queen (152x203cm)<\/li><li>divan-lit double<\/li><li>salle de bain avec douche<\/li><\/ul>\n<!-- \/wp:list -->\n\n<!-- wp:paragraph -->\n<p><\/p>\n<!-- \/wp:paragraph --><\/div>\n<!-- \/wp:column -->\n\n<!-- wp:column -->\n<div class=\"wp-block-column\"><!-- wp:heading {\"level\":3} -->\n<h3>Chambre \"Chevaux sauvages\"<\/h3>\n<!-- \/wp:heading -->\n\n<!-- wp:image {\"id\":154} -->\n<figure class=\"wp-block-image\"><img src=\"http:\/\/new.aupetitsacacomie.com\/wp-content\/uploads\/2019\/05\/ChevauxSauvages-2-1-1024x678.jpg\" alt=\"\" class=\"wp-image-154\"\/><\/figure>\n<!-- \/wp:image -->\n\n<!-- wp:list -->\n<ul><li>Grande chambre<\/li><li>terrasse avec vue sur le lac<\/li><li>lit queen (152x203cm)<\/li><li>divan-lit double<\/li><li>salle de bain avec douche pluie<\/li><\/ul>\n<!-- \/wp:list --><\/div>\n<!-- \/wp:column --><\/div>\n<!-- \/wp:columns -->\n\n<!-- wp:columns {\"className\":\"has-2-columns\"} -->\n<div class=\"wp-block-columns has-2-columns\"><!-- wp:column -->\n<div class=\"wp-block-column\"><!-- wp:heading {\"level\":3} -->\n<h3>Salle de d\u00e9tente<\/h3>\n<!-- \/wp:heading -->\n\n<!-- wp:image {\"id\":155} -->\n<figure class=\"wp-block-image\"><img src=\"http:\/\/new.aupetitsacacomie.com\/wp-content\/uploads\/2019\/05\/SalleDeDetente-1-1024x678.jpg\" alt=\"\" class=\"wp-image-155\"\/><\/figure>\n<!-- \/wp:image -->\n\n<!-- wp:list -->\n<ul><li>table haute et chaises<\/li><li>canap\u00e9-lit pour 2 personnes<\/li><li>lecteur DVD<\/li><li>Fauteuils<\/li><li>Acc\u00e8s \u00e0 la terrasse du ba<\/li><\/ul>\n<!-- \/wp:list --><\/div>\n<!-- \/wp:column -->\n\n<!-- wp:column -->\n<div class=\"wp-block-column\"><!-- wp:heading {\"level\":3} -->\n<h3>SPA<\/h3>\n<!-- \/wp:heading -->\n\n<!-- wp:image {\"id\":156} -->\n<figure class=\"wp-block-image\"><img src=\"http:\/\/new.aupetitsacacomie.com\/wp-content\/uploads\/2019\/05\/Spa-2-1-1024x678.jpg\" alt=\"\" class=\"wp-image-156\"\/><\/figure>\n<!-- \/wp:image -->\n\n<!-- wp:list -->\n<ul><li>SPA sur la terrasse<\/li><li>5 personnes<\/li><\/ul>\n<!-- \/wp:list --><\/div>\n<!-- \/wp:column --><\/div>\n<!-- \/wp:columns -->\n\n<!-- wp:heading -->\n<h2>Rez-de-chasuss\u00e9e<\/h2>\n<!-- \/wp:heading -->\n\n<!-- wp:columns {\"className\":\"has-2-columns\"} -->\n<div class=\"wp-block-columns has-2-columns\"><!-- wp:column -->\n<div class=\"wp-block-column\"><!-- wp:heading {\"level\":3} -->\n<h3>Cuisine<\/h3>\n<!-- \/wp:heading -->\n\n<!-- wp:image {\"id\":157} -->\n<figure class=\"wp-block-image\"><img src=\"http:\/\/new.aupetitsacacomie.com\/wp-content\/uploads\/2019\/05\/Cuisine-2-1-1024x678.jpg\" alt=\"\" class=\"wp-image-157\"\/><\/figure>\n<!-- \/wp:image -->\n\n<!-- wp:paragraph -->\n<p>Cuisine \u00e9quip\u00e9e avec tout le confort moderne: cafeti\u00e8re, micro-ondes, cuisini\u00e8re, grille-pain, lave-vaisselle, four autonettoyant, produits d'entretien et savon lave-vaisselle, couverts, verres et vaisselle pour 24 personnes<\/p>\n<!-- \/wp:paragraph --><\/div>\n<!-- \/wp:column -->\n\n<!-- wp:column -->\n<div class=\"wp-block-column\"><!-- wp:heading {\"level\":3} -->\n<h3>Salle de s\u00e9jour<\/h3>\n<!-- \/wp:heading -->\n\n<!-- wp:image {\"id\":158} -->\n<figure class=\"wp-block-image\"><img src=\"http:\/\/new.aupetitsacacomie.com\/wp-content\/uploads\/2019\/05\/Salon-1-1-1024x684.jpg\" alt=\"\" class=\"wp-image-158\"\/><\/figure>\n<!-- \/wp:image -->\n\n<!-- wp:paragraph -->\n<p>Une salle de s\u00e9jour avec plafond cath\u00e9drale. Minimum 12 places assises. acc\u00e8s direct \u00e0 la terrasse. T\u00e9l\u00e9viseur grand \u00e9cran avec r\u00e9ception satellite. Foyer au bois avec distributeur de chaleur. Bois de chauffage. T\u00e9l\u00e9phone (appels locaux). Internet (Wifi)<\/p>\n<!-- \/wp:paragraph --><\/div>\n<!-- \/wp:column --><\/div>\n<!-- \/wp:columns -->\n\n<!-- wp:columns {\"className\":\"has-2-columns\"} -->\n<div class=\"wp-block-columns has-2-columns\"><!-- wp:column -->\n<div class=\"wp-block-column\"><!-- wp:heading {\"level\":3} -->\n<h3>Salle \u00e0 manger<\/h3>\n<!-- \/wp:heading -->\n\n<!-- wp:image {\"id\":159} -->\n<figure class=\"wp-block-image\"><img src=\"http:\/\/new.aupetitsacacomie.com\/wp-content\/uploads\/2019\/05\/SalleAManger-1-1024x684.jpg\" alt=\"\" class=\"wp-image-159\"\/><\/figure>\n<!-- \/wp:image -->\n\n<!-- wp:paragraph -->\n<p>Grande salle \u00e0 d\u00eener pour 12 personnes avec acc\u00e8s direct \u00e0 la terrasse<\/p>\n<!-- \/wp:paragraph --><\/div>\n<!-- \/wp:column -->\n\n<!-- wp:column -->\n<div class=\"wp-block-column\"><!-- wp:heading {\"level\":3} -->\n<h3>Salle d'eau \/ vestiaire<\/h3>\n<!-- \/wp:heading -->\n\n<!-- wp:image {\"id\":167} -->\n<figure class=\"wp-block-image\"><img src=\"http:\/\/new.aupetitsacacomie.com\/wp-content\/uploads\/2019\/05\/s_eau.jpg\" alt=\"\" class=\"wp-image-167\"\/><\/figure>\n<!-- \/wp:image -->\n\n<!-- wp:list -->\n<ul><li>WC et lavabo<\/li><li>grand vestiaire<\/li><\/ul>\n<!-- \/wp:list --><\/div>\n<!-- \/wp:column --><\/div>\n<!-- \/wp:columns -->\n\n<!-- wp:columns {\"className\":\"has-2-columns\"} -->\n<div class=\"wp-block-columns has-2-columns\"><!-- wp:column -->\n<div class=\"wp-block-column\"><!-- wp:heading {\"level\":3} -->\n<h3>Chambre \"Ours\"<\/h3>\n<!-- \/wp:heading -->\n\n<!-- wp:image {\"id\":161} -->\n<figure class=\"wp-block-image\"><img src=\"http:\/\/new.aupetitsacacomie.com\/wp-content\/uploads\/2019\/05\/Ours-1-1-1024x684.jpg\" alt=\"\" class=\"wp-image-161\"\/><\/figure>\n<!-- \/wp:image -->\n\n<!-- wp:list -->\n<ul><li>grande chambre<\/li><li>terrasse avec vue sur le lac<\/li><li>lit Queen (152x203cm)<\/li><li>salle de bain avec bain double et douche<\/li><\/ul>\n<!-- \/wp:list --><\/div>\n<!-- \/wp:column -->\n\n<!-- wp:column -->\n<div class=\"wp-block-column\"><!-- wp:heading {\"level\":3} -->\n<h3>Terrasse<\/h3>\n<!-- \/wp:heading -->\n\n<!-- wp:image {\"id\":162} -->\n<figure class=\"wp-block-image\"><img src=\"http:\/\/new.aupetitsacacomie.com\/wp-content\/uploads\/2019\/05\/Terrasse-2-1-1024x684.jpg\" alt=\"\" class=\"wp-image-162\"\/><\/figure>\n<!-- \/wp:image -->\n\n<!-- wp:list -->\n<ul><li>mobilier ext\u00e9rieur en teck<\/li><li>chaises en rotin<\/li><li>chaises longues<\/li><li>barbecue au gaz<\/li><\/ul>\n<!-- \/wp:list --><\/div>\n<!-- \/wp:column --><\/div>\n<!-- \/wp:columns -->\n\n<!-- wp:heading -->\n<h2>1er \u00e9tage<\/h2>\n<!-- \/wp:heading -->\n\n<!-- wp:columns {\"className\":\"has-2-columns\"} -->\n<div class=\"wp-block-columns has-2-columns\"><!-- wp:column -->\n<div class=\"wp-block-column\"><!-- wp:heading {\"level\":3} -->\n<h3>Chambre \"Chevreuil\"<\/h3>\n<!-- \/wp:heading -->\n\n<!-- wp:image {\"id\":163} -->\n<figure class=\"wp-block-image\"><img src=\"http:\/\/new.aupetitsacacomie.com\/wp-content\/uploads\/2019\/05\/Chevreuil-6-1-1024x678.jpg\" alt=\"\" class=\"wp-image-163\"\/><\/figure>\n<!-- \/wp:image -->\n\n<!-- wp:list -->\n<ul><li>lit Queen (152x203cm)<\/li><li>grande salle de bain avec bain et douche<\/li><\/ul>\n<!-- \/wp:list --><\/div>\n<!-- \/wp:column -->\n\n<!-- wp:column -->\n<div class=\"wp-block-column\"><!-- wp:heading {\"level\":3} -->\n<h3>Chambre \"Orignal\"<\/h3>\n<!-- \/wp:heading -->\n\n<!-- wp:image {\"id\":164} -->\n<figure class=\"wp-block-image\"><img src=\"http:\/\/new.aupetitsacacomie.com\/wp-content\/uploads\/2019\/05\/Orignal-1-1-1024x684.jpg\" alt=\"\" class=\"wp-image-164\"\/><\/figure>\n<!-- \/wp:image -->\n\n<!-- wp:list -->\n<ul><li>grande chambre avec vue sur le lac<\/li><li>lit queen (152x203cm)<\/li><li>divan double<\/li><li>grande salle de bain avec bain et douche<\/li><\/ul>\n<!-- \/wp:list --><\/div>\n<!-- \/wp:column --><\/div>\n<!-- \/wp:columns -->\n\n<!-- wp:columns {\"className\":\"has-2-columns\"} -->\n<div class=\"wp-block-columns has-2-columns\"><!-- wp:column -->\n<div class=\"wp-block-column\"><!-- wp:heading {\"level\":3} -->\n<h3>Chambre \"Pomme de pin\"<\/h3>\n<!-- \/wp:heading -->\n\n<!-- wp:image {\"id\":165} -->\n<figure class=\"wp-block-image\"><img src=\"http:\/\/new.aupetitsacacomie.com\/wp-content\/uploads\/2019\/05\/PommeDePain-5-1-1024x678.jpg\" alt=\"\" class=\"wp-image-165\"\/><\/figure>\n<!-- \/wp:image -->\n\n<!-- wp:list -->\n<ul><li>chambre avec vue sur le lac<\/li><li>lit Queen (152x203cm)<\/li><li>salle de bain avec douche<\/li><\/ul>\n<!-- \/wp:list --><\/div>\n<!-- \/wp:column -->\n\n<!-- wp:column -->\n<div class=\"wp-block-column\"><\/div>\n<!-- \/wp:column --><\/div>\n<!-- \/wp:columns -->","protected":false},"excerpt":{"rendered":"<p>D\u00e9couvrez \u2018Au petit Sacacomie\u2019, un environnement chaleureux et confortable\u2026 Un petit coin de paradis pouvant accueillir de 12 personnes. Six chambres luxueuses, r\u00e9parties sur trois \u00e9tages, vous offrent le confort de la vie moderne dans un cadre in\u00e9dit. De taille et de style diff\u00e9rents, chaque chambre poss\u00e8de sa propre salle de bain. Profitez sans vous [&hellip;]<\/p>\n","protected":false},"author":1,"featured_media":0,"parent":0,"menu_order":0,"comment_status":"closed","ping_status":"closed","template":"","meta":[],"_links":{"self":[{"href":"https:\/\/www.aupetitsacacomie.com\/index.php\/wp-json\/wp\/v2\/pages\/27"}],"collection":[{"href":"https:\/\/www.aupetitsacacomie.com\/index.php\/wp-json\/wp\/v2\/pages"}],"about":[{"href":"https:\/\/www.aupetitsacacomie.com\/index.php\/wp-json\/wp\/v2\/types\/page"}],"author":[{"embeddable":true,"href":"https:\/\/www.aupetitsacacomie.com\/index.php\/wp-json\/wp\/v2\/users\/1"}],"replies":[{"embeddable":true,"href":"https:\/\/www.aupetitsacacomie.com\/index.php\/wp-json\/wp\/v2\/comments?post=27"}],"version-history":[{"count":12,"href":"https:\/\/www.aupetitsacacomie.com\/index.php\/wp-json\/wp\/v2\/pages\/27\/revisions"}],"predecessor-version":[{"id":559,"href":"https:\/\/www.aupetitsacacomie.com\/index.php\/wp-json\/wp\/v2\/pages\/27\/revisions\/559"}],"wp:attachment":[{"href":"https:\/\/www.aupetitsacacomie.com\/index.php\/wp-json\/wp\/v2\/media?parent=27"}],"curies":[{"name":"wp","href":"https:\/\/api.w.org\/{rel}","templated":true}]}}