{"id":25,"date":"2019-05-27T11:27:54","date_gmt":"2019-05-27T09:27:54","guid":{"rendered":"http:\/\/new.aupetitsacacomie.com\/?page_id=25"},"modified":"2026-02-21T09:41:39","modified_gmt":"2026-02-21T08:41:39","slug":"accueil","status":"publish","type":"page","link":"https:\/\/www.aupetitsacacomie.com\/","title":{"rendered":"Accueil"},"content":{"rendered":"<!-- wp:paragraph -->\n<p>Imaginez un lac nich\u00e9 au c\u0153ur d\u2019une nature pr\u00e9serv\u00e9e dans le cadre enchanteur de la <a href=\"http:\/\/www.tourismemauricie.com\/\" target=\"_blank\" rel=\"noreferrer noopener\">Mauricie<\/a>...\n Vous voil\u00e0 au bord du lac Sacacomie ! Laissez-vous s\u00e9duire par le calme\n et la beaut\u00e9 des lieux dans un prestigieux chalet en bois rond au \nQu\u00e9bec. Vous profiterez de la vue imprenable sur le lac, que ce soit \navec vos amis, votre famille ou vos relations d\u2019affaires.<\/p>\n<!-- \/wp:paragraph -->\n\n<!-- wp:paragraph -->\n<p>\u00c0 mi-chemin entre <a rel=\"noreferrer noopener\" href=\"https:\/\/www.quebecoriginal.com\/fr-ca\" target=\"_blank\">Qu\u00e9bec<\/a> et <a rel=\"noreferrer noopener\" href=\"http:\/\/www.tourisme-montreal.org\/Accueil\" target=\"_blank\">Montr\u00e9al<\/a>,  cet authentique chalet allie tout le confort de la vie moderne au charme d\u2019une ambiance rustique et chaleureuse.                   Des conditions  id\u00e9ales pour vous faire passer un s\u00e9jour de r\u00eave\u2026<\/p>\n<!-- \/wp:paragraph -->","protected":false},"excerpt":{"rendered":"<p>Imaginez un lac nich\u00e9 au c\u0153ur d\u2019une nature pr\u00e9serv\u00e9e dans le cadre enchanteur de la Mauricie&#8230; Vous voil\u00e0 au bord du lac Sacacomie ! Laissez-vous s\u00e9duire par le calme et la beaut\u00e9 des lieux dans un prestigieux chalet en bois rond au Qu\u00e9bec. Vous profiterez de la vue imprenable sur le lac, que ce soit [&hellip;]<\/p>\n","protected":false},"author":1,"featured_media":0,"parent":0,"menu_order":-1,"comment_status":"closed","ping_status":"closed","template":"","meta":[],"_links":{"self":[{"href":"https:\/\/www.aupetitsacacomie.com\/index.php\/wp-json\/wp\/v2\/pages\/25"}],"collection":[{"href":"https:\/\/www.aupetitsacacomie.com\/index.php\/wp-json\/wp\/v2\/pages"}],"about":[{"href":"https:\/\/www.aupetitsacacomie.com\/index.php\/wp-json\/wp\/v2\/types\/page"}],"author":[{"embeddable":true,"href":"https:\/\/www.aupetitsacacomie.com\/index.php\/wp-json\/wp\/v2\/users\/1"}],"replies":[{"embeddable":true,"href":"https:\/\/www.aupetitsacacomie.com\/index.php\/wp-json\/wp\/v2\/comments?post=25"}],"version-history":[{"count":11,"href":"https:\/\/www.aupetitsacacomie.com\/index.php\/wp-json\/wp\/v2\/pages\/25\/revisions"}],"predecessor-version":[{"id":558,"href":"https:\/\/www.aupetitsacacomie.com\/index.php\/wp-json\/wp\/v2\/pages\/25\/revisions\/558"}],"wp:attachment":[{"href":"https:\/\/www.aupetitsacacomie.com\/index.php\/wp-json\/wp\/v2\/media?parent=25"}],"curies":[{"name":"wp","href":"https:\/\/api.w.org\/{rel}","templated":true}]}}