{"id":144,"date":"2019-05-27T12:25:25","date_gmt":"2019-05-27T10:25:25","guid":{"rendered":"http:\/\/new.aupetitsacacomie.com\/?page_id=144"},"modified":"2022-10-03T13:22:06","modified_gmt":"2022-10-03T11:22:06","slug":"contact","status":"publish","type":"page","link":"https:\/\/www.aupetitsacacomie.com\/index.php\/contact\/","title":{"rendered":"Contact"},"content":{"rendered":"<!-- wp:columns {\"className\":\"has-2-columns\"} -->\n<div class=\"wp-block-columns has-2-columns\"><!-- wp:column -->\n<div class=\"wp-block-column\"><!-- wp:shortcode -->\n<div role=\"form\" class=\"wpcf7\" id=\"wpcf7-f146-o1\" lang=\"fr-FR\" dir=\"ltr\">\n<div class=\"screen-reader-response\"><p role=\"status\" aria-live=\"polite\" aria-atomic=\"true\"><\/p> <ul><\/ul><\/div>\n<form action=\"\/index.php\/wp-json\/wp\/v2\/pages\/144#wpcf7-f146-o1\" method=\"post\" class=\"wpcf7-form init\" novalidate=\"novalidate\" data-status=\"init\">\n<div style=\"display: none;\">\n<input type=\"hidden\" name=\"_wpcf7\" value=\"146\" \/>\n<input type=\"hidden\" name=\"_wpcf7_version\" value=\"5.4.2\" \/>\n<input type=\"hidden\" name=\"_wpcf7_locale\" value=\"fr_FR\" \/>\n<input type=\"hidden\" name=\"_wpcf7_unit_tag\" value=\"wpcf7-f146-o1\" \/>\n<input type=\"hidden\" name=\"_wpcf7_container_post\" value=\"0\" \/>\n<input type=\"hidden\" name=\"_wpcf7_posted_data_hash\" value=\"\" \/>\n<input type=\"hidden\" name=\"_wpcf7_recaptcha_response\" value=\"\" \/>\n<\/div>\n<p><label> Votre nom (requis)<br \/>\n    <span class=\"wpcf7-form-control-wrap your-name\"><input type=\"text\" name=\"your-name\" value=\"\" size=\"40\" class=\"wpcf7-form-control wpcf7-text wpcf7-validates-as-required\" aria-required=\"true\" aria-invalid=\"false\" \/><\/span> <\/label><\/p>\n<p><label> Votre Email (requis)<br \/>\n    <span class=\"wpcf7-form-control-wrap your-email\"><input type=\"email\" name=\"your-email\" value=\"\" size=\"40\" class=\"wpcf7-form-control wpcf7-text wpcf7-email wpcf7-validates-as-required wpcf7-validates-as-email\" aria-required=\"true\" aria-invalid=\"false\" \/><\/span> <\/label><\/p>\n<p><label> Sujet<br \/>\n    <span class=\"wpcf7-form-control-wrap your-subject\"><input type=\"text\" name=\"your-subject\" value=\"\" size=\"40\" class=\"wpcf7-form-control wpcf7-text\" aria-invalid=\"false\" \/><\/span> <\/label><\/p>\n<p><label> Votre message<br \/>\n    <span class=\"wpcf7-form-control-wrap your-message\"><textarea name=\"your-message\" cols=\"40\" rows=\"10\" class=\"wpcf7-form-control wpcf7-textarea\" aria-invalid=\"false\"><\/textarea><\/span> <\/label><\/p>\n<p><input type=\"submit\" value=\"Send\" class=\"wpcf7-form-control wpcf7-submit\" \/><\/p>\n<div class=\"wpcf7-response-output\" aria-hidden=\"true\"><\/div><\/form><\/div>\n<!-- \/wp:shortcode -->\n\n<!-- wp:paragraph -->\n<p><\/p>\n<!-- \/wp:paragraph --><\/div>\n<!-- \/wp:column -->\n\n<!-- wp:column -->\n<div class=\"wp-block-column\"><!-- wp:heading -->\n<h2>Adresse du chalet<\/h2>\n<!-- \/wp:heading -->\n\n<!-- wp:paragraph -->\n<p>Au petit Sacacomie<\/p>\n<!-- \/wp:paragraph -->\n\n<!-- wp:paragraph -->\n<p>3041, chemin Yvon-Plante <\/p>\n<!-- \/wp:paragraph -->\n\n<!-- wp:paragraph -->\n<p>Saint-Alexis-des-Monts JOK 1V0   Quebec, CANADA<\/p>\n<!-- \/wp:paragraph -->\n\n<!-- wp:heading -->\n<h2>Adresse postale<\/h2>\n<!-- \/wp:heading -->\n\n<!-- wp:paragraph -->\n<p>Au petit Sacacomie<\/p>\n<!-- \/wp:paragraph -->\n\n<!-- wp:paragraph -->\n<p>3041, chemin Yvon-Plante <\/p>\n<!-- \/wp:paragraph -->\n\n<!-- wp:paragraph -->\n<p>Saint-Alexis-des-Monts JOK 1V0   Quebec, CANADA<\/p>\n<!-- \/wp:paragraph --><\/div>\n<!-- \/wp:column --><\/div>\n<!-- \/wp:columns -->\n\n<!-- wp:heading {\"level\":3} -->\n<h3>Itin\u00e9raire<\/h3>\n<!-- \/wp:heading -->\n\n<!-- wp:paragraph -->\n<p><strong>Vous rejoindrez ais\u00e9ment notre chalet\u2026<\/strong><\/p>\n<!-- \/wp:paragraph -->\n\n<!-- wp:paragraph -->\n<p><strong>D<\/strong><strong>epuis Montr\u00e9al<\/strong> (150 km, deux heures en voiture)<\/p>\n<!-- \/wp:paragraph -->\n\n<!-- wp:paragraph -->\n<p>Prenez l\u2019autoroute 40 Est. A la sortie 166, prenez la direction de Louiseville.<\/p>\n<!-- \/wp:paragraph -->\n\n<!-- wp:paragraph -->\n<p>Au centre-ville, bifurquez \u00e0 gauche sur la route 349 en direction de Saint-Alexis-des-Monts.<\/p>\n<!-- \/wp:paragraph -->\n\n<!-- wp:paragraph -->\n<p><strong>Depuis Qu\u00e9bec<\/strong> (200 km, deux heures trente en voiture)<\/p>\n<!-- \/wp:paragraph -->\n\n<!-- wp:paragraph -->\n<p>Prenez l\u2019autoroute 40 Ouest. A la sortie 174, prenez la direction de Louiseville.<\/p>\n<!-- \/wp:paragraph -->\n\n<!-- wp:paragraph -->\n<p>Au centre-ville, bifurquez \u00e0 droite sur la route 349 en direction de Saint-Alexis-des-Monts.<\/p>\n<!-- \/wp:paragraph -->\n\n<!-- wp:paragraph -->\n<p><strong>Depuis Trois-Rivi\u00e8res<\/strong> (65 km, une heure en voiture)<\/p>\n<!-- \/wp:paragraph -->\n\n<!-- wp:paragraph -->\n<p>Prenez la direction de Saint-Etienne-des-Gr\u00e9s, ensuite de Saint-Boniface-de-Shawinigan et continuez vers Charrette.<\/p>\n<!-- \/wp:paragraph -->\n\n<!-- wp:paragraph -->\n<p>Traversez le village pour arriver \u00e0 Saint-Paulin. L\u00e0, dirigez-vous vers Saint-Alexis-des-Monts.<\/p>\n<!-- \/wp:paragraph -->\n\n<!-- wp:paragraph -->\n<p><strong>Dans Saint-Alexis-des-Monts<\/strong><\/p>\n<!-- \/wp:paragraph -->\n\n<!-- wp:paragraph -->\n<p>Face \u00e0 l\u2019Eglise, prendre \u00e0 gauche pendant environ 6 km et suivre \u00e0 droite 'Stationnement municipal du Lac Sacacomie - 4 km'.<\/p>\n<!-- \/wp:paragraph -->\n\n<!-- wp:paragraph -->\n<p>Le chalet se trouve directement apr\u00e8s, en haut de la c\u00f4te, sur la gauche de la route.<\/p>\n<!-- \/wp:paragraph -->\n\n<!-- wp:paragraph -->\n<p>Dans le centre de Saint-Alexis-des-Monts, vous trouverez de  nombreuses facilit\u00e9s (moins de 10 minutes): Intermarch\u00e9 (ouvert de 6h \u00e0  21h), d\u00e9panneur, Micro brasserie 'Les Bi\u00e8res de la Nouvelle-France',  boucherie, pharmacie, \u00e9glise, coiffeur, bureau de poste, bureau de  tourisme, restaurants, bars.<\/p>\n<!-- \/wp:paragraph -->","protected":false},"excerpt":{"rendered":"<p>Votre nom (requis) Votre Email (requis) Sujet Votre message Adresse du chalet Au petit Sacacomie 3041, chemin Yvon-Plante Saint-Alexis-des-Monts JOK 1V0 Quebec, CANADA Adresse postale Au petit Sacacomie 3041, chemin Yvon-Plante Saint-Alexis-des-Monts JOK 1V0 Quebec, CANADA Itin\u00e9raire Vous rejoindrez ais\u00e9ment notre chalet\u2026 Depuis Montr\u00e9al (150 km, deux heures en voiture) Prenez l\u2019autoroute 40 Est. A [&hellip;]<\/p>\n","protected":false},"author":1,"featured_media":0,"parent":0,"menu_order":99,"comment_status":"closed","ping_status":"closed","template":"","meta":[],"_links":{"self":[{"href":"https:\/\/www.aupetitsacacomie.com\/index.php\/wp-json\/wp\/v2\/pages\/144"}],"collection":[{"href":"https:\/\/www.aupetitsacacomie.com\/index.php\/wp-json\/wp\/v2\/pages"}],"about":[{"href":"https:\/\/www.aupetitsacacomie.com\/index.php\/wp-json\/wp\/v2\/types\/page"}],"author":[{"embeddable":true,"href":"https:\/\/www.aupetitsacacomie.com\/index.php\/wp-json\/wp\/v2\/users\/1"}],"replies":[{"embeddable":true,"href":"https:\/\/www.aupetitsacacomie.com\/index.php\/wp-json\/wp\/v2\/comments?post=144"}],"version-history":[{"count":8,"href":"https:\/\/www.aupetitsacacomie.com\/index.php\/wp-json\/wp\/v2\/pages\/144\/revisions"}],"predecessor-version":[{"id":414,"href":"https:\/\/www.aupetitsacacomie.com\/index.php\/wp-json\/wp\/v2\/pages\/144\/revisions\/414"}],"wp:attachment":[{"href":"https:\/\/www.aupetitsacacomie.com\/index.php\/wp-json\/wp\/v2\/media?parent=144"}],"curies":[{"name":"wp","href":"https:\/\/api.w.org\/{rel}","templated":true}]}}