{"id":131,"date":"2019-05-27T12:13:40","date_gmt":"2019-05-27T10:13:40","guid":{"rendered":"http:\/\/new.aupetitsacacomie.com\/?page_id=131"},"modified":"2026-02-19T07:01:41","modified_gmt":"2026-02-19T06:01:41","slug":"tarifs","status":"publish","type":"page","link":"http:\/\/www.aupetitsacacomie.com\/index.php\/tarifs\/","title":{"rendered":"Tarifs"},"content":{"rendered":"<!-- wp:table -->\n<figure class=\"wp-block-table\"><table><tbody><tr><td><\/td><td>2 nuits en semaine<\/td><td>Semaine compl\u00e8te (7 jours)<\/td><td>Week-end<br><em>Du vendredi 16h00 au dimanche 11h30<\/em><\/td><td>Personne suppl\u00e9mentaire <br><em>Par nuit et par personne (enfant \u00e0 partir de 2 ans)<\/em><\/td><td class=\"has-text-align-center\" data-align=\"center\">Nuit suppl\u00e9mentaire (pour le chalet complet (12 personnes ou 6 lits)<\/td><\/tr><tr><td>P\u00e9riodes de f\u00eates (du 20 d\u00e9cembre au 5 janvier)<\/td><td>2290$ CAD<\/td><td><\/td><td>2290$ CAD<\/td><td>65$ CAD<\/td><td class=\"has-text-align-center\" data-align=\"center\">900$ CAD<\/td><\/tr><tr><td>Reste de l'ann\u00e9e<\/td><td>1790$ CAD<\/td><td>4590$ CAD<\/td><td>1990$ CAD<\/td><td>55$ CAD <br>(enfant: 35$ CAD)<\/td><td class=\"has-text-align-center\" data-align=\"center\">750$ CAD<\/td><\/tr><\/tbody><\/table><\/figure>\n<!-- \/wp:table -->\n\n<!-- wp:heading {\"level\":3} -->\n<h3>R\u00e9glementation<\/h3>\n<!-- \/wp:heading -->\n\n<!-- wp:paragraph -->\n<p><strong>1. R\u00e9servation<\/strong><\/p>\n<!-- \/wp:paragraph -->\n\n<!-- wp:paragraph -->\n<p>Toute r\u00e9servation peut se faire en ligne.<\/p>\n<!-- \/wp:paragraph -->\n\n<!-- wp:paragraph -->\n<p>La r\u00e9servation est confirm\u00e9e sur r\u00e9ception d\u2019un d\u00e9p\u00f4t de 50% de la \nsomme due. Ce montant est non remboursable si la politique d'annulation \nn'est pas respect\u00e9e. Le solde devra \u00eatre pay\u00e9 au plus tard \u00e0 la remise \ndes cl\u00e9s.<\/p>\n<!-- \/wp:paragraph -->\n\n<!-- wp:paragraph -->\n<p><strong>2. Remise des cl\u00e9fs<\/strong><\/p>\n<!-- \/wp:paragraph -->\n\n<!-- wp:paragraph -->\n<p>La remise des cl\u00e9s se fait sur place au \"petit Sacacomie\" apr\u00e8s le \npaiment complet de la facture ainsi que de la remise du ch\u00e8que de \ngarantie, pour tout dommage \u00e9ventuel caus\u00e9 \u00e0 la propri\u00e9t\u00e9 ou aux \n\u00e9quipements.<\/p>\n<!-- \/wp:paragraph -->\n\n<!-- wp:paragraph -->\n<p>Les arriv\u00e9es se font \u00e0 partir de 16h00 et les d\u00e9parts avant 11h30. Si aucun \u00e9tat des lieux n\u2019est dress\u00e9, le locataire est pr\u00e9sum\u00e9 avoir re\u00e7u le logement en bon \u00e9tat.<\/p>\n<!-- \/wp:paragraph -->\n\n<!-- wp:paragraph -->\n<p><strong>3. Decription du bien lou\u00e9<\/strong><\/p>\n<!-- \/wp:paragraph -->\n\n<!-- wp:paragraph -->\n<p>Le chalet comprend 6 chambres avec lits pour 2 personnes (Queen) et  salle de bain privative. Certaines chambres sont \u00e9quip\u00e9es de futons.  S'il y a moins de 12 personnes, toute utilisation de ces lits  suppl\u00e9mentaires vous seront factur\u00e9s (55$ CAD suppl.).Il  comprend \u00e9galement une cuisine, une salle \u00e0 manger, une salle de s\u00e9jour, une salle d\u2019eau, un vestiaire, 2 terrasses et salle de loisirs.<\/p>\n<!-- \/wp:paragraph -->\n\n<!-- wp:paragraph -->\n<p>La location inclut :<\/p>\n<!-- \/wp:paragraph -->\n\n<!-- wp:list -->\n<ul><li>le linge de lit, les serviettes de bain et leur nettoyage<\/li><li>papier hygi\u00e9nique et essuie-tout<\/li><li>le bois de chauffage pendant votre s\u00e9jour<\/li><li>le passage d\u2019une femme de m\u00e9nage \u00e0 la  fin de votre s\u00e9jour pour le m\u00e9nage des lieux. Pendant la dur\u00e9e de votre  s\u00e9jour, vous \u00eates responsables de l'entretien. La vaisselle doit \u00eatre  faite lors de votre d\u00e9part. Au cas contraire, 30$ CAD (hors taxes) vous  seront factur\u00e9s.<\/li><li>l'utilisation du spa<\/li><li>le d\u00e9neigement des abords du chalet en hiver<\/li><\/ul>\n<!-- \/wp:list -->\n\n<!-- wp:paragraph -->\n<p><strong>4. Services suppl\u00e9mentaires<\/strong><\/p>\n<!-- \/wp:paragraph -->\n\n<!-- wp:paragraph -->\n<p>Ces services suppl\u00e9mentaires sont payants, \u00e0 la demande :<\/p>\n<!-- \/wp:paragraph -->\n\n<!-- wp:list -->\n<ul><li>Traiteur<\/li><li>Femme de m\u00e9nage durant le s\u00e9jour<\/li><li>Laveuse et s\u00e9cheuse<\/li><li>Barbecue<\/li><\/ul>\n<!-- \/wp:list -->\n\n<!-- wp:paragraph -->\n<p><strong>5. Tarifs<\/strong><\/p>\n<!-- \/wp:paragraph -->\n\n<!-- wp:paragraph -->\n<p>Le tarif repris dans le tableau ci-dessus est par nuit et inclut la  chambre seulement, aucun repas. Les prix sont indiqu\u00e9s hors taxes et  pour une occupation de 12 personnes (6 lits). Le prix est en dollars  canadiens et est sujet \u00e0 changement sans pr\u00e9avis.                                                                                                                      Le  nombre d'occupants l\u00e9gitime des lieux ne peut d\u00e9passer 20 personnes au total sur la propri\u00e9t\u00e9.<\/p>\n<!-- \/wp:paragraph -->\n\n<!-- wp:paragraph -->\n<p><strong>6. Destination des lieux<\/strong><\/p>\n<!-- \/wp:paragraph -->\n\n<!-- wp:paragraph -->\n<p>Les fumeurs ne sont pas admis dans le chalet. Les animaux sont aussi  strictement interdits. En cas d\u2019infraction, une p\u00e9nalit\u00e9 pourrait \u00eatre  exig\u00e9e.<\/p>\n<!-- \/wp:paragraph -->\n\n<!-- wp:paragraph -->\n<p>Suivant le r\u00e8glement municipal, il est interdit d'utiliser des feux d'artifice ainsi que d'allumer des feux \u00e0 ciel ouvert. Un foyer ferm\u00e9 est mis \u00e0 disposition.                   Les occupants doivent cesser toute activit\u00e9 ext\u00e9rieure pouvant g\u00e9n\u00e9rer du bruit \u00e0 partir de 23h00 jusqu'\u00e0 8h00 le lendemain matin.<\/p>\n<!-- \/wp:paragraph -->\n\n<!-- wp:paragraph -->\n<p><strong>7. Annulation<\/strong><\/p>\n<!-- \/wp:paragraph -->\n\n<!-- wp:paragraph -->\n<p>Les acomptes pourront \u00eatre rembours\u00e9s uniquement si l\u2019annulation nous\n parvient au minimum un mois avant la date d\u2019occupation. Un montant \nforfaitaire de 150$ sera conserv\u00e9 \u00e0 titre de d\u00e9dommagement pour les \nfrais administratifs encourus. Pass\u00e9 ce d\u00e9lai, aucun remboursement ne \nsera accord\u00e9.<\/p>\n<!-- \/wp:paragraph -->\n\n<!-- wp:paragraph -->\n<p><strong>8. D\u00e9g\u00e2ts<\/strong><\/p>\n<!-- \/wp:paragraph -->\n\n<!-- wp:paragraph -->\n<p>La remise d'un ch\u00e8que de 350$ en garantie est requise pour tout  dommage \u00e9ventuel caus\u00e9 \u00e0 la propri\u00e9t\u00e9 et aux \u00e9quipements, auquel cas une  facture vous sera envoy\u00e9e et un nouveau ch\u00e8que vous sera retourn\u00e9 du  montant du solde.<\/p>\n<!-- \/wp:paragraph -->\n\n<!-- wp:paragraph -->\n<p>Si aucun dommage n'est constat\u00e9, le ch\u00e8que sera d\u00e9truit ou vous sera \nretourn\u00e9 si vous joignez une enveloppe pr\u00e9-adress\u00e9e et timbr\u00e9e.<\/p>\n<!-- \/wp:paragraph -->\n\n<!-- wp:paragraph -->\n<p><strong>9. Facturation<\/strong><\/p>\n<!-- \/wp:paragraph -->\n\n<!-- wp:paragraph -->\n<p>Le paiement s'effectue par ch\u00e8que, interac ou virement. Nonobstant toute instruction  concernant la facturation, le locataire reconnait \u00eatre personnellement  responsable du r\u00e8glement de la facture.<\/p>\n<!-- \/wp:paragraph -->\n\n<!-- wp:paragraph -->\n<p><strong>10. Obligation<\/strong> <\/p>\n<!-- \/wp:paragraph -->\n\n<!-- wp:paragraph -->\n<p>A la demande de la municipalit\u00e9, il est obligatoire de d\u00e9signer un r\u00e9pondant de location (le signataire du pr\u00e9sent contrat). Une copie d'une pi\u00e8ce d'identit\u00e9 doit \u00eatre jointe afin de permettre \u00e0 la Municipalit\u00e9 d'\u00e9mettre un constat d'infraction en cas de non-respect des dispositions de son r\u00e8glement.<\/p>\n<!-- \/wp:paragraph -->","protected":false},"excerpt":{"rendered":"<p>2 nuits en semaine Semaine compl\u00e8te (7 jours) Week-endDu vendredi 16h00 au dimanche 11h30 Personne suppl\u00e9mentaire Par nuit et par personne (enfant \u00e0 partir de 2 ans) Nuit suppl\u00e9mentaire (pour le chalet complet (12 personnes ou 6 lits) P\u00e9riodes de f\u00eates (du 20 d\u00e9cembre au 5 janvier) 2290$ CAD 2290$ CAD 65$ CAD 900$ CAD [&hellip;]<\/p>\n","protected":false},"author":1,"featured_media":0,"parent":0,"menu_order":0,"comment_status":"closed","ping_status":"closed","template":"","meta":[],"_links":{"self":[{"href":"http:\/\/www.aupetitsacacomie.com\/index.php\/wp-json\/wp\/v2\/pages\/131"}],"collection":[{"href":"http:\/\/www.aupetitsacacomie.com\/index.php\/wp-json\/wp\/v2\/pages"}],"about":[{"href":"http:\/\/www.aupetitsacacomie.com\/index.php\/wp-json\/wp\/v2\/types\/page"}],"author":[{"embeddable":true,"href":"http:\/\/www.aupetitsacacomie.com\/index.php\/wp-json\/wp\/v2\/users\/1"}],"replies":[{"embeddable":true,"href":"http:\/\/www.aupetitsacacomie.com\/index.php\/wp-json\/wp\/v2\/comments?post=131"}],"version-history":[{"count":29,"href":"http:\/\/www.aupetitsacacomie.com\/index.php\/wp-json\/wp\/v2\/pages\/131\/revisions"}],"predecessor-version":[{"id":555,"href":"http:\/\/www.aupetitsacacomie.com\/index.php\/wp-json\/wp\/v2\/pages\/131\/revisions\/555"}],"wp:attachment":[{"href":"http:\/\/www.aupetitsacacomie.com\/index.php\/wp-json\/wp\/v2\/media?parent=131"}],"curies":[{"name":"wp","href":"https:\/\/api.w.org\/{rel}","templated":true}]}}